{"id":14,"date":"2025-12-15T06:39:11","date_gmt":"2025-12-15T05:39:11","guid":{"rendered":"https:\/\/ecolesaintvincentloos.fr\/?page_id=14"},"modified":"2025-12-15T06:39:11","modified_gmt":"2025-12-15T05:39:11","slug":"presentation-de-lecole","status":"publish","type":"page","link":"https:\/\/ecolesaintvincentloos.fr\/index.php\/presentation-de-lecole\/","title":{"rendered":"Pr\u00e9sentation de l&rsquo;\u00e9cole"},"content":{"rendered":"\n<p>A&nbsp;la date d\u2019ouverture de ce site (01.01.2026), notre \u00e9cole comptait 244 \u00e9l\u00e8ves, r\u00e9partis en 10 classes (4 maternelles et 6 \u00e9l\u00e9mentaires).&nbsp;<\/p>\n\n\n\n<p>Tous les adultes qui interviennent \u00e0 St Vincent (enseignants, personnel de service, parents, b\u00e9n\u00e9voles\u2026) se mobilisent pour que notre \u00e9cole soit un lieu d\u2019enseignement o\u00f9 il fait bon vivre, o\u00f9 les \u00e9l\u00e8ves viennent avec plaisir pour apprendre, exp\u00e9rimenter et s\u2019\u00e9panouir.<\/p>\n\n\n\n<p>La communaut\u00e9 \u00e9ducative se donne pour mission, outre l\u2019acquisition des connaissances scolaires, de d\u00e9velopper, entre autres, chez les \u00e9l\u00e8ves qui nous sont confi\u00e9s :<\/p>\n\n\n\n<ul class=\"wp-block-list\">\n<li>le\u00a0respect des personnes et des biens<\/li>\n\n\n\n<li>le go\u00fbt de l\u2019effort,<\/li>\n\n\n\n<li>le sens des responsabilit\u00e9s,<\/li>\n\n\n\n<li>l\u2019apprentissage de la libert\u00e9\u2026<\/li>\n<\/ul>\n\n\n\n<p><strong>Une \u00e9cole catholique d\u2019enseignement :<\/strong><\/p>\n\n\n\n<p>Dans le respect de chacun, nous cheminons ensemble en d\u00e9couvrant la Parole de Dieu.<\/p>\n\n\n\n<p>Plusieurs &nbsp;temps forts marquent l\u2019ann\u00e9e scolaire :<\/p>\n\n\n\n<ul class=\"wp-block-list\">\n<li>la C\u00e9l\u00e9bration de No\u00ebl, en \u00e9glise, en pr\u00e9sence des parents qui le souhaitent,<\/li>\n\n\n\n<li>tout au long de l\u2019ann\u00e9e, un parcours qui parle \u00e0 tous, propos\u00e9 par l\u2019\u00e9quipe pastorale de la DDEC de Lille. Cette ann\u00e9e nous vivons le parcours \u00ab\u00a0une ann\u00e9e cadeau\u00a0\u00bb.<\/li>\n\n\n\n<li>\u00a0la Pastorale, c\u2019est aussi faire en sorte que dans nos comportements quotidiens, nous sachions vivre l\u2019entraide, le partage, la tol\u00e9rance, l\u2019amiti\u00e9, le pardon, \u2026<\/li>\n<\/ul>\n\n\n\n<p><strong>Les projets :<\/strong><\/p>\n\n\n\n<p>Ils sont diff\u00e9rents selon les ann\u00e9es et l\u2019actualit\u00e9 de l\u2019\u00e9cole. Ils se vivent en classe, en cycle ou en \u00e9cole compl\u00e8te.<\/p>\n","protected":false},"excerpt":{"rendered":"<p>A&nbsp;la date d\u2019ouverture de ce site (01.01.2026), notre \u00e9cole comptait 244 \u00e9l\u00e8ves, r\u00e9partis en 10 classes (4 maternelles et 6 \u00e9l\u00e9mentaires).&nbsp; Tous les adultes qui interviennent \u00e0 St Vincent (enseignants, personnel de service, parents, b\u00e9n\u00e9voles\u2026) se mobilisent pour que notre \u00e9cole soit un lieu d\u2019enseignement o\u00f9 il fait bon vivre, o\u00f9 les \u00e9l\u00e8ves viennent avec [&hellip;]<\/p>\n","protected":false},"author":1,"featured_media":0,"parent":0,"menu_order":0,"comment_status":"closed","ping_status":"closed","template":"","meta":{"footnotes":""},"class_list":["post-14","page","type-page","status-publish","hentry"],"yoast_head":"<!-- This site is optimized with the Yoast SEO plugin v27.3 - https:\/\/yoast.com\/product\/yoast-seo-wordpress\/ -->\n<title>Pr\u00e9sentation de l&#039;\u00e9cole - Ecole maternelle et \u00e9l\u00e9mentaire Saint Vincent Loos<\/title>\n<meta name=\"robots\" content=\"index, follow, max-snippet:-1, max-image-preview:large, max-video-preview:-1\" \/>\n<link rel=\"canonical\" href=\"https:\/\/ecolesaintvincentloos.fr\/index.php\/presentation-de-lecole\/\" \/>\n<meta property=\"og:locale\" content=\"fr_FR\" \/>\n<meta property=\"og:type\" content=\"article\" \/>\n<meta property=\"og:title\" content=\"Pr\u00e9sentation de l&#039;\u00e9cole - Ecole maternelle et \u00e9l\u00e9mentaire Saint Vincent Loos\" \/>\n<meta property=\"og:description\" content=\"A&nbsp;la date d\u2019ouverture de ce site (01.01.2026), notre \u00e9cole comptait 244 \u00e9l\u00e8ves, r\u00e9partis en 10 classes (4 maternelles et 6 \u00e9l\u00e9mentaires).&nbsp; Tous les adultes qui interviennent \u00e0 St Vincent (enseignants, personnel de service, parents, b\u00e9n\u00e9voles\u2026) se mobilisent pour que notre \u00e9cole soit un lieu d\u2019enseignement o\u00f9 il fait bon vivre, o\u00f9 les \u00e9l\u00e8ves viennent avec [&hellip;]\" \/>\n<meta property=\"og:url\" content=\"https:\/\/ecolesaintvincentloos.fr\/index.php\/presentation-de-lecole\/\" \/>\n<meta property=\"og:site_name\" content=\"Ecole maternelle et \u00e9l\u00e9mentaire Saint Vincent Loos\" \/>\n<meta name=\"twitter:card\" content=\"summary_large_image\" \/>\n<meta name=\"twitter:label1\" content=\"Dur\u00e9e de lecture estim\u00e9e\" \/>\n\t<meta name=\"twitter:data1\" content=\"1 minute\" \/>\n<script type=\"application\/ld+json\" class=\"yoast-schema-graph\">{\"@context\":\"https:\\\/\\\/schema.org\",\"@graph\":[{\"@type\":\"WebPage\",\"@id\":\"https:\\\/\\\/ecolesaintvincentloos.fr\\\/index.php\\\/presentation-de-lecole\\\/\",\"url\":\"https:\\\/\\\/ecolesaintvincentloos.fr\\\/index.php\\\/presentation-de-lecole\\\/\",\"name\":\"Pr\u00e9sentation de l'\u00e9cole - Ecole maternelle et \u00e9l\u00e9mentaire Saint Vincent Loos\",\"isPartOf\":{\"@id\":\"https:\\\/\\\/ecolesaintvincentloos.fr\\\/#website\"},\"datePublished\":\"2025-12-15T05:39:11+00:00\",\"breadcrumb\":{\"@id\":\"https:\\\/\\\/ecolesaintvincentloos.fr\\\/index.php\\\/presentation-de-lecole\\\/#breadcrumb\"},\"inLanguage\":\"fr-FR\",\"potentialAction\":[{\"@type\":\"ReadAction\",\"target\":[\"https:\\\/\\\/ecolesaintvincentloos.fr\\\/index.php\\\/presentation-de-lecole\\\/\"]}]},{\"@type\":\"BreadcrumbList\",\"@id\":\"https:\\\/\\\/ecolesaintvincentloos.fr\\\/index.php\\\/presentation-de-lecole\\\/#breadcrumb\",\"itemListElement\":[{\"@type\":\"ListItem\",\"position\":1,\"name\":\"Accueil\",\"item\":\"https:\\\/\\\/ecolesaintvincentloos.fr\\\/\"},{\"@type\":\"ListItem\",\"position\":2,\"name\":\"Pr\u00e9sentation de l&rsquo;\u00e9cole\"}]},{\"@type\":\"WebSite\",\"@id\":\"https:\\\/\\\/ecolesaintvincentloos.fr\\\/#website\",\"url\":\"https:\\\/\\\/ecolesaintvincentloos.fr\\\/\",\"name\":\"Ecole Saint Vincent Loos\",\"description\":\"A l\u2019\u00e9cole St Vincent, r\u00e9ussir c\u2019est apprendre avec plaisir, s\u2019\u00e9panouir, d\u00e9couvrir, grandir\u2026\u00eatre heureux\",\"publisher\":{\"@id\":\"https:\\\/\\\/ecolesaintvincentloos.fr\\\/#organization\"},\"potentialAction\":[{\"@type\":\"SearchAction\",\"target\":{\"@type\":\"EntryPoint\",\"urlTemplate\":\"https:\\\/\\\/ecolesaintvincentloos.fr\\\/?s={search_term_string}\"},\"query-input\":{\"@type\":\"PropertyValueSpecification\",\"valueRequired\":true,\"valueName\":\"search_term_string\"}}],\"inLanguage\":\"fr-FR\"},{\"@type\":\"Organization\",\"@id\":\"https:\\\/\\\/ecolesaintvincentloos.fr\\\/#organization\",\"name\":\"Ecole Saint Vincent Loos\",\"url\":\"https:\\\/\\\/ecolesaintvincentloos.fr\\\/\",\"logo\":{\"@type\":\"ImageObject\",\"inLanguage\":\"fr-FR\",\"@id\":\"https:\\\/\\\/ecolesaintvincentloos.fr\\\/#\\\/schema\\\/logo\\\/image\\\/\",\"url\":\"https:\\\/\\\/ecolesaintvincentloos.fr\\\/wp-content\\\/uploads\\\/2025\\\/12\\\/Logo_512x512.png\",\"contentUrl\":\"https:\\\/\\\/ecolesaintvincentloos.fr\\\/wp-content\\\/uploads\\\/2025\\\/12\\\/Logo_512x512.png\",\"width\":512,\"height\":512,\"caption\":\"Ecole Saint Vincent Loos\"},\"image\":{\"@id\":\"https:\\\/\\\/ecolesaintvincentloos.fr\\\/#\\\/schema\\\/logo\\\/image\\\/\"}}]}<\/script>\n<!-- \/ Yoast SEO plugin. -->","yoast_head_json":{"title":"Pr\u00e9sentation de l'\u00e9cole - Ecole maternelle et \u00e9l\u00e9mentaire Saint Vincent Loos","robots":{"index":"index","follow":"follow","max-snippet":"max-snippet:-1","max-image-preview":"max-image-preview:large","max-video-preview":"max-video-preview:-1"},"canonical":"https:\/\/ecolesaintvincentloos.fr\/index.php\/presentation-de-lecole\/","og_locale":"fr_FR","og_type":"article","og_title":"Pr\u00e9sentation de l'\u00e9cole - Ecole maternelle et \u00e9l\u00e9mentaire Saint Vincent Loos","og_description":"A&nbsp;la date d\u2019ouverture de ce site (01.01.2026), notre \u00e9cole comptait 244 \u00e9l\u00e8ves, r\u00e9partis en 10 classes (4 maternelles et 6 \u00e9l\u00e9mentaires).&nbsp; Tous les adultes qui interviennent \u00e0 St Vincent (enseignants, personnel de service, parents, b\u00e9n\u00e9voles\u2026) se mobilisent pour que notre \u00e9cole soit un lieu d\u2019enseignement o\u00f9 il fait bon vivre, o\u00f9 les \u00e9l\u00e8ves viennent avec [&hellip;]","og_url":"https:\/\/ecolesaintvincentloos.fr\/index.php\/presentation-de-lecole\/","og_site_name":"Ecole maternelle et \u00e9l\u00e9mentaire Saint Vincent Loos","twitter_card":"summary_large_image","twitter_misc":{"Dur\u00e9e de lecture estim\u00e9e":"1 minute"},"schema":{"@context":"https:\/\/schema.org","@graph":[{"@type":"WebPage","@id":"https:\/\/ecolesaintvincentloos.fr\/index.php\/presentation-de-lecole\/","url":"https:\/\/ecolesaintvincentloos.fr\/index.php\/presentation-de-lecole\/","name":"Pr\u00e9sentation de l'\u00e9cole - Ecole maternelle et \u00e9l\u00e9mentaire Saint Vincent Loos","isPartOf":{"@id":"https:\/\/ecolesaintvincentloos.fr\/#website"},"datePublished":"2025-12-15T05:39:11+00:00","breadcrumb":{"@id":"https:\/\/ecolesaintvincentloos.fr\/index.php\/presentation-de-lecole\/#breadcrumb"},"inLanguage":"fr-FR","potentialAction":[{"@type":"ReadAction","target":["https:\/\/ecolesaintvincentloos.fr\/index.php\/presentation-de-lecole\/"]}]},{"@type":"BreadcrumbList","@id":"https:\/\/ecolesaintvincentloos.fr\/index.php\/presentation-de-lecole\/#breadcrumb","itemListElement":[{"@type":"ListItem","position":1,"name":"Accueil","item":"https:\/\/ecolesaintvincentloos.fr\/"},{"@type":"ListItem","position":2,"name":"Pr\u00e9sentation de l&rsquo;\u00e9cole"}]},{"@type":"WebSite","@id":"https:\/\/ecolesaintvincentloos.fr\/#website","url":"https:\/\/ecolesaintvincentloos.fr\/","name":"Ecole Saint Vincent Loos","description":"A l\u2019\u00e9cole St Vincent, r\u00e9ussir c\u2019est apprendre avec plaisir, s\u2019\u00e9panouir, d\u00e9couvrir, grandir\u2026\u00eatre heureux","publisher":{"@id":"https:\/\/ecolesaintvincentloos.fr\/#organization"},"potentialAction":[{"@type":"SearchAction","target":{"@type":"EntryPoint","urlTemplate":"https:\/\/ecolesaintvincentloos.fr\/?s={search_term_string}"},"query-input":{"@type":"PropertyValueSpecification","valueRequired":true,"valueName":"search_term_string"}}],"inLanguage":"fr-FR"},{"@type":"Organization","@id":"https:\/\/ecolesaintvincentloos.fr\/#organization","name":"Ecole Saint Vincent Loos","url":"https:\/\/ecolesaintvincentloos.fr\/","logo":{"@type":"ImageObject","inLanguage":"fr-FR","@id":"https:\/\/ecolesaintvincentloos.fr\/#\/schema\/logo\/image\/","url":"https:\/\/ecolesaintvincentloos.fr\/wp-content\/uploads\/2025\/12\/Logo_512x512.png","contentUrl":"https:\/\/ecolesaintvincentloos.fr\/wp-content\/uploads\/2025\/12\/Logo_512x512.png","width":512,"height":512,"caption":"Ecole Saint Vincent Loos"},"image":{"@id":"https:\/\/ecolesaintvincentloos.fr\/#\/schema\/logo\/image\/"}}]}},"_links":{"self":[{"href":"https:\/\/ecolesaintvincentloos.fr\/index.php\/wp-json\/wp\/v2\/pages\/14","targetHints":{"allow":["GET"]}}],"collection":[{"href":"https:\/\/ecolesaintvincentloos.fr\/index.php\/wp-json\/wp\/v2\/pages"}],"about":[{"href":"https:\/\/ecolesaintvincentloos.fr\/index.php\/wp-json\/wp\/v2\/types\/page"}],"author":[{"embeddable":true,"href":"https:\/\/ecolesaintvincentloos.fr\/index.php\/wp-json\/wp\/v2\/users\/1"}],"replies":[{"embeddable":true,"href":"https:\/\/ecolesaintvincentloos.fr\/index.php\/wp-json\/wp\/v2\/comments?post=14"}],"version-history":[{"count":1,"href":"https:\/\/ecolesaintvincentloos.fr\/index.php\/wp-json\/wp\/v2\/pages\/14\/revisions"}],"predecessor-version":[{"id":15,"href":"https:\/\/ecolesaintvincentloos.fr\/index.php\/wp-json\/wp\/v2\/pages\/14\/revisions\/15"}],"wp:attachment":[{"href":"https:\/\/ecolesaintvincentloos.fr\/index.php\/wp-json\/wp\/v2\/media?parent=14"}],"curies":[{"name":"wp","href":"https:\/\/api.w.org\/{rel}","templated":true}]}}