{"id":18,"date":"2025-12-15T06:42:14","date_gmt":"2025-12-15T05:42:14","guid":{"rendered":"https:\/\/ecolesaintvincentloos.fr\/?page_id=18"},"modified":"2026-03-02T05:44:13","modified_gmt":"2026-03-02T04:44:13","slug":"activites-specifiques-ecole-maternelle-primaire-anglais-allemand-echecs-yoga-piscine-tennis","status":"publish","type":"page","link":"https:\/\/ecolesaintvincentloos.fr\/index.php\/activites-specifiques-ecole-maternelle-primaire-anglais-allemand-echecs-yoga-piscine-tennis\/","title":{"rendered":"Des activit\u00e9s sp\u00e9cifiques"},"content":{"rendered":"\n<h2 class=\"wp-block-heading\"><strong>Les langues : Anglais\ud83c\uddec\ud83c\udde7 ou allemand<\/strong>\ud83c\udde9\ud83c\uddea<\/h2>\n\n\n\n<p>L\u2019initiation aux langues \u00e9trang\u00e8res est propos\u00e9e d\u00e8s la MS, en partenariat avec Linguish et Lille 3.<\/p>\n\n\n\n<h2 class=\"wp-block-heading\">\u265f<strong>Ateliers d\u2019\u00e9checs<\/strong><\/h2>\n\n\n\n<p>Depuis septembre 2025, nous avons ouvert des ateliers de jeux d\u2019\u00e9checs. Ils ont lieu sur le temps de la pause m\u00e9ridienne ou le soir, avec un animateur dipl\u00f4m\u00e9, ext\u00e9rieur \u00e0 l\u2019\u00e9cole.<\/p>\n\n\n\n<h2 class=\"wp-block-heading\">\ud83c\udfc6<strong>Les activit\u00e9s sportives<\/strong><\/h2>\n\n\n\n<p><strong>Utilisation de la salle de sport&nbsp;:<\/strong>&nbsp;un planning \u00e9tabli par la mairie permet \u00e0 nos classes d\u2019avoir des possibilit\u00e9s d\u2019utiliser la salle Debeyre, proche de l\u2019\u00e9cole, les lundis et jeudis matins.<\/p>\n\n\n\n<p><strong>Utilisation&nbsp;du stade d\u2019Ennequin<\/strong>&nbsp;:&nbsp;un planning \u00e9tabli par la mairie permet \u00e0 nos classes d\u2019avoir des possibilit\u00e9s d\u2019utiliser les installations ext\u00e9rieures du stade d\u2019Ennequin les mardis et vendredis de septembre \u00e0 novembre et d\u2019avril \u00e0 juin.<\/p>\n\n\n\n<h2 class=\"wp-block-heading\">\ud83e\uddd8<strong>Yoga<\/strong><\/h2>\n\n\n\n<p>Une professeure intervient sur le temps de classe aupr\u00e8s des \u00e9l\u00e8ves du CE1 au CM2 pour un cycle annuel.<\/p>\n\n\n\n<h2 class=\"wp-block-heading\">\ud83e\udd7d<strong>Piscine<\/strong><\/h2>\n\n\n\n<p>La mairie de Loos met \u00e0 disposition un car pour conduire les \u00e9l\u00e8ves de CM1 et CM2 \u00e0 la piscine de Seclin. Les autres niveaux devraient b\u00e9\u00e9nficier de s\u00e9ances en 2026\/2027.<\/p>\n\n\n\n<h2 class=\"wp-block-heading\">\ud83c\udfd0<strong>Initiation volley<\/strong><\/h2>\n\n\n\n<p>Un sportif b\u00e9n\u00e9vole propose des cycles aux classes volontaires pour d\u00e9couvrir ce sport collectif.<\/p>\n\n\n\n<h2 class=\"wp-block-heading\">\ud83c\udfbe<strong>Initiation tennis<\/strong><\/h2>\n\n\n\n<p>Un partenariat avec le club de tennis de la ville permet \u00e0 nos \u00e9l\u00e8ves de b\u00e9n\u00e9ficier de cycles d&rsquo;apprentissages sur les terrains de la ville.<\/p>\n","protected":false},"excerpt":{"rendered":"<p>Les langues : Anglais\ud83c\uddec\ud83c\udde7 ou allemand\ud83c\udde9\ud83c\uddea L\u2019initiation aux langues \u00e9trang\u00e8res est propos\u00e9e d\u00e8s la MS, en partenariat avec Linguish et Lille 3. \u265fAteliers d\u2019\u00e9checs Depuis septembre 2025, nous avons ouvert des ateliers de jeux d\u2019\u00e9checs. Ils ont lieu sur le temps de la pause m\u00e9ridienne ou le soir, avec un animateur dipl\u00f4m\u00e9, ext\u00e9rieur \u00e0 l\u2019\u00e9cole. [&hellip;]<\/p>\n","protected":false},"author":1,"featured_media":0,"parent":0,"menu_order":0,"comment_status":"closed","ping_status":"closed","template":"","meta":{"footnotes":""},"class_list":["post-18","page","type-page","status-publish","hentry"],"yoast_head":"<!-- This site is optimized with the Yoast SEO plugin v27.3 - https:\/\/yoast.com\/product\/yoast-seo-wordpress\/ -->\n<title>Des activit\u00e9s sp\u00e9cifiques - Ecole maternelle et \u00e9l\u00e9mentaire Saint Vincent Loos<\/title>\n<meta name=\"description\" content=\"Actualit\u00e9s et vie scolaire de l\u2019\u00c9cole Saint-Vincent \u00e0 Loos : projets p\u00e9dagogiques.\" \/>\n<meta name=\"robots\" content=\"index, follow, max-snippet:-1, max-image-preview:large, max-video-preview:-1\" \/>\n<link rel=\"canonical\" href=\"https:\/\/ecolesaintvincentloos.fr\/index.php\/activites-specifiques-ecole-maternelle-primaire-anglais-allemand-echecs-yoga-piscine-tennis\/\" \/>\n<meta property=\"og:locale\" content=\"fr_FR\" \/>\n<meta property=\"og:type\" content=\"article\" \/>\n<meta property=\"og:title\" content=\"Des activit\u00e9s sp\u00e9cifiques - Ecole maternelle et \u00e9l\u00e9mentaire Saint Vincent Loos\" \/>\n<meta property=\"og:description\" content=\"Actualit\u00e9s et vie scolaire de l\u2019\u00c9cole Saint-Vincent \u00e0 Loos : projets p\u00e9dagogiques.\" \/>\n<meta property=\"og:url\" content=\"https:\/\/ecolesaintvincentloos.fr\/index.php\/activites-specifiques-ecole-maternelle-primaire-anglais-allemand-echecs-yoga-piscine-tennis\/\" \/>\n<meta property=\"og:site_name\" content=\"Ecole maternelle et \u00e9l\u00e9mentaire Saint Vincent Loos\" \/>\n<meta property=\"article:modified_time\" content=\"2026-03-02T04:44:13+00:00\" \/>\n<meta name=\"twitter:card\" content=\"summary_large_image\" \/>\n<meta name=\"twitter:label1\" content=\"Dur\u00e9e de lecture estim\u00e9e\" \/>\n\t<meta name=\"twitter:data1\" content=\"2 minutes\" \/>\n<script type=\"application\/ld+json\" class=\"yoast-schema-graph\">{\"@context\":\"https:\\\/\\\/schema.org\",\"@graph\":[{\"@type\":\"WebPage\",\"@id\":\"https:\\\/\\\/ecolesaintvincentloos.fr\\\/index.php\\\/activites-specifiques-ecole-maternelle-primaire-anglais-allemand-echecs-yoga-piscine-tennis\\\/\",\"url\":\"https:\\\/\\\/ecolesaintvincentloos.fr\\\/index.php\\\/activites-specifiques-ecole-maternelle-primaire-anglais-allemand-echecs-yoga-piscine-tennis\\\/\",\"name\":\"Des activit\u00e9s sp\u00e9cifiques - Ecole maternelle et \u00e9l\u00e9mentaire Saint Vincent Loos\",\"isPartOf\":{\"@id\":\"https:\\\/\\\/ecolesaintvincentloos.fr\\\/#website\"},\"datePublished\":\"2025-12-15T05:42:14+00:00\",\"dateModified\":\"2026-03-02T04:44:13+00:00\",\"description\":\"Actualit\u00e9s et vie scolaire de l\u2019\u00c9cole Saint-Vincent \u00e0 Loos : projets p\u00e9dagogiques.\",\"breadcrumb\":{\"@id\":\"https:\\\/\\\/ecolesaintvincentloos.fr\\\/index.php\\\/activites-specifiques-ecole-maternelle-primaire-anglais-allemand-echecs-yoga-piscine-tennis\\\/#breadcrumb\"},\"inLanguage\":\"fr-FR\",\"potentialAction\":[{\"@type\":\"ReadAction\",\"target\":[\"https:\\\/\\\/ecolesaintvincentloos.fr\\\/index.php\\\/activites-specifiques-ecole-maternelle-primaire-anglais-allemand-echecs-yoga-piscine-tennis\\\/\"]}]},{\"@type\":\"BreadcrumbList\",\"@id\":\"https:\\\/\\\/ecolesaintvincentloos.fr\\\/index.php\\\/activites-specifiques-ecole-maternelle-primaire-anglais-allemand-echecs-yoga-piscine-tennis\\\/#breadcrumb\",\"itemListElement\":[{\"@type\":\"ListItem\",\"position\":1,\"name\":\"Accueil\",\"item\":\"https:\\\/\\\/ecolesaintvincentloos.fr\\\/\"},{\"@type\":\"ListItem\",\"position\":2,\"name\":\"Des activit\u00e9s sp\u00e9cifiques\"}]},{\"@type\":\"WebSite\",\"@id\":\"https:\\\/\\\/ecolesaintvincentloos.fr\\\/#website\",\"url\":\"https:\\\/\\\/ecolesaintvincentloos.fr\\\/\",\"name\":\"Ecole Saint Vincent Loos\",\"description\":\"A l\u2019\u00e9cole St Vincent, r\u00e9ussir c\u2019est apprendre avec plaisir, s\u2019\u00e9panouir, d\u00e9couvrir, grandir\u2026\u00eatre heureux\",\"publisher\":{\"@id\":\"https:\\\/\\\/ecolesaintvincentloos.fr\\\/#organization\"},\"potentialAction\":[{\"@type\":\"SearchAction\",\"target\":{\"@type\":\"EntryPoint\",\"urlTemplate\":\"https:\\\/\\\/ecolesaintvincentloos.fr\\\/?s={search_term_string}\"},\"query-input\":{\"@type\":\"PropertyValueSpecification\",\"valueRequired\":true,\"valueName\":\"search_term_string\"}}],\"inLanguage\":\"fr-FR\"},{\"@type\":\"Organization\",\"@id\":\"https:\\\/\\\/ecolesaintvincentloos.fr\\\/#organization\",\"name\":\"Ecole Saint Vincent Loos\",\"url\":\"https:\\\/\\\/ecolesaintvincentloos.fr\\\/\",\"logo\":{\"@type\":\"ImageObject\",\"inLanguage\":\"fr-FR\",\"@id\":\"https:\\\/\\\/ecolesaintvincentloos.fr\\\/#\\\/schema\\\/logo\\\/image\\\/\",\"url\":\"https:\\\/\\\/ecolesaintvincentloos.fr\\\/wp-content\\\/uploads\\\/2025\\\/12\\\/Logo_512x512.png\",\"contentUrl\":\"https:\\\/\\\/ecolesaintvincentloos.fr\\\/wp-content\\\/uploads\\\/2025\\\/12\\\/Logo_512x512.png\",\"width\":512,\"height\":512,\"caption\":\"Ecole Saint Vincent Loos\"},\"image\":{\"@id\":\"https:\\\/\\\/ecolesaintvincentloos.fr\\\/#\\\/schema\\\/logo\\\/image\\\/\"}}]}<\/script>\n<!-- \/ Yoast SEO plugin. -->","yoast_head_json":{"title":"Des activit\u00e9s sp\u00e9cifiques - Ecole maternelle et \u00e9l\u00e9mentaire Saint Vincent Loos","description":"Actualit\u00e9s et vie scolaire de l\u2019\u00c9cole Saint-Vincent \u00e0 Loos : projets p\u00e9dagogiques.","robots":{"index":"index","follow":"follow","max-snippet":"max-snippet:-1","max-image-preview":"max-image-preview:large","max-video-preview":"max-video-preview:-1"},"canonical":"https:\/\/ecolesaintvincentloos.fr\/index.php\/activites-specifiques-ecole-maternelle-primaire-anglais-allemand-echecs-yoga-piscine-tennis\/","og_locale":"fr_FR","og_type":"article","og_title":"Des activit\u00e9s sp\u00e9cifiques - Ecole maternelle et \u00e9l\u00e9mentaire Saint Vincent Loos","og_description":"Actualit\u00e9s et vie scolaire de l\u2019\u00c9cole Saint-Vincent \u00e0 Loos : projets p\u00e9dagogiques.","og_url":"https:\/\/ecolesaintvincentloos.fr\/index.php\/activites-specifiques-ecole-maternelle-primaire-anglais-allemand-echecs-yoga-piscine-tennis\/","og_site_name":"Ecole maternelle et \u00e9l\u00e9mentaire Saint Vincent Loos","article_modified_time":"2026-03-02T04:44:13+00:00","twitter_card":"summary_large_image","twitter_misc":{"Dur\u00e9e de lecture estim\u00e9e":"2 minutes"},"schema":{"@context":"https:\/\/schema.org","@graph":[{"@type":"WebPage","@id":"https:\/\/ecolesaintvincentloos.fr\/index.php\/activites-specifiques-ecole-maternelle-primaire-anglais-allemand-echecs-yoga-piscine-tennis\/","url":"https:\/\/ecolesaintvincentloos.fr\/index.php\/activites-specifiques-ecole-maternelle-primaire-anglais-allemand-echecs-yoga-piscine-tennis\/","name":"Des activit\u00e9s sp\u00e9cifiques - Ecole maternelle et \u00e9l\u00e9mentaire Saint Vincent Loos","isPartOf":{"@id":"https:\/\/ecolesaintvincentloos.fr\/#website"},"datePublished":"2025-12-15T05:42:14+00:00","dateModified":"2026-03-02T04:44:13+00:00","description":"Actualit\u00e9s et vie scolaire de l\u2019\u00c9cole Saint-Vincent \u00e0 Loos : projets p\u00e9dagogiques.","breadcrumb":{"@id":"https:\/\/ecolesaintvincentloos.fr\/index.php\/activites-specifiques-ecole-maternelle-primaire-anglais-allemand-echecs-yoga-piscine-tennis\/#breadcrumb"},"inLanguage":"fr-FR","potentialAction":[{"@type":"ReadAction","target":["https:\/\/ecolesaintvincentloos.fr\/index.php\/activites-specifiques-ecole-maternelle-primaire-anglais-allemand-echecs-yoga-piscine-tennis\/"]}]},{"@type":"BreadcrumbList","@id":"https:\/\/ecolesaintvincentloos.fr\/index.php\/activites-specifiques-ecole-maternelle-primaire-anglais-allemand-echecs-yoga-piscine-tennis\/#breadcrumb","itemListElement":[{"@type":"ListItem","position":1,"name":"Accueil","item":"https:\/\/ecolesaintvincentloos.fr\/"},{"@type":"ListItem","position":2,"name":"Des activit\u00e9s sp\u00e9cifiques"}]},{"@type":"WebSite","@id":"https:\/\/ecolesaintvincentloos.fr\/#website","url":"https:\/\/ecolesaintvincentloos.fr\/","name":"Ecole Saint Vincent Loos","description":"A l\u2019\u00e9cole St Vincent, r\u00e9ussir c\u2019est apprendre avec plaisir, s\u2019\u00e9panouir, d\u00e9couvrir, grandir\u2026\u00eatre heureux","publisher":{"@id":"https:\/\/ecolesaintvincentloos.fr\/#organization"},"potentialAction":[{"@type":"SearchAction","target":{"@type":"EntryPoint","urlTemplate":"https:\/\/ecolesaintvincentloos.fr\/?s={search_term_string}"},"query-input":{"@type":"PropertyValueSpecification","valueRequired":true,"valueName":"search_term_string"}}],"inLanguage":"fr-FR"},{"@type":"Organization","@id":"https:\/\/ecolesaintvincentloos.fr\/#organization","name":"Ecole Saint Vincent Loos","url":"https:\/\/ecolesaintvincentloos.fr\/","logo":{"@type":"ImageObject","inLanguage":"fr-FR","@id":"https:\/\/ecolesaintvincentloos.fr\/#\/schema\/logo\/image\/","url":"https:\/\/ecolesaintvincentloos.fr\/wp-content\/uploads\/2025\/12\/Logo_512x512.png","contentUrl":"https:\/\/ecolesaintvincentloos.fr\/wp-content\/uploads\/2025\/12\/Logo_512x512.png","width":512,"height":512,"caption":"Ecole Saint Vincent Loos"},"image":{"@id":"https:\/\/ecolesaintvincentloos.fr\/#\/schema\/logo\/image\/"}}]}},"_links":{"self":[{"href":"https:\/\/ecolesaintvincentloos.fr\/index.php\/wp-json\/wp\/v2\/pages\/18","targetHints":{"allow":["GET"]}}],"collection":[{"href":"https:\/\/ecolesaintvincentloos.fr\/index.php\/wp-json\/wp\/v2\/pages"}],"about":[{"href":"https:\/\/ecolesaintvincentloos.fr\/index.php\/wp-json\/wp\/v2\/types\/page"}],"author":[{"embeddable":true,"href":"https:\/\/ecolesaintvincentloos.fr\/index.php\/wp-json\/wp\/v2\/users\/1"}],"replies":[{"embeddable":true,"href":"https:\/\/ecolesaintvincentloos.fr\/index.php\/wp-json\/wp\/v2\/comments?post=18"}],"version-history":[{"count":14,"href":"https:\/\/ecolesaintvincentloos.fr\/index.php\/wp-json\/wp\/v2\/pages\/18\/revisions"}],"predecessor-version":[{"id":263,"href":"https:\/\/ecolesaintvincentloos.fr\/index.php\/wp-json\/wp\/v2\/pages\/18\/revisions\/263"}],"wp:attachment":[{"href":"https:\/\/ecolesaintvincentloos.fr\/index.php\/wp-json\/wp\/v2\/media?parent=18"}],"curies":[{"name":"wp","href":"https:\/\/api.w.org\/{rel}","templated":true}]}}