{"id":22,"date":"2025-12-15T06:43:30","date_gmt":"2025-12-15T05:43:30","guid":{"rendered":"https:\/\/ecolesaintvincentloos.fr\/?page_id=22"},"modified":"2025-12-26T16:14:36","modified_gmt":"2025-12-26T15:14:36","slug":"nous-contacter","status":"publish","type":"page","link":"https:\/\/ecolesaintvincentloos.fr\/index.php\/nous-contacter\/","title":{"rendered":"Nous contacter"},"content":{"rendered":"\n<p>Pour toute demande d\u2019inscription, vous pouvez nous joindre<\/p>\n\n\n\n<ul class=\"wp-block-list\">\n<li>par t\u00e9l\u00e9phone au&nbsp;03&nbsp;20&nbsp;07&nbsp;09&nbsp;34<\/li>\n\n\n\n<li>par mail \u00e0 <a href=\"mailto:ecole-st-vincent.loos@laposte.net\">ecole-st-vincent.loos@laposte.net<\/a><\/li>\n\n\n\n<li>en compl\u00e9tant le formulaire ci-dessous<\/li>\n<\/ul>\n\n\n<style id=\"wpforms-css-vars-82-block-fad74552-9954-4279-b448-751a946ae512\">\n\t\t\t\t#wpforms-82.wpforms-block-fad74552-9954-4279-b448-751a946ae512 {\n\t\t\t\t--wpforms-field-size-input-height: 43px;\n--wpforms-field-size-input-spacing: 15px;\n--wpforms-field-size-font-size: 16px;\n--wpforms-field-size-line-height: 19px;\n--wpforms-field-size-padding-h: 14px;\n--wpforms-field-size-checkbox-size: 16px;\n--wpforms-field-size-sublabel-spacing: 5px;\n--wpforms-field-size-icon-size: 1;\n--wpforms-label-size-font-size: 16px;\n--wpforms-label-size-line-height: 19px;\n--wpforms-label-size-sublabel-font-size: 14px;\n--wpforms-label-size-sublabel-line-height: 17px;\n--wpforms-button-size-font-size: 17px;\n--wpforms-button-size-height: 41px;\n--wpforms-button-size-padding-h: 15px;\n--wpforms-button-size-margin-top: 10px;\n\t\t\t}\n\t\t\t<\/style><div class=\"wpforms-container wpforms-container-full wpforms-block wpforms-block-fad74552-9954-4279-b448-751a946ae512 wpforms-render-modern\" id=\"wpforms-82\"><form id=\"wpforms-form-82\" class=\"wpforms-validate wpforms-form wpforms-ajax-form\" data-formid=\"82\" method=\"post\" enctype=\"multipart\/form-data\" action=\"\/index.php\/wp-json\/wp\/v2\/pages\/22\" data-token=\"b979dbfd039f4bcca72e1427b5f1ea2a\" data-token-time=\"1778014565\"><noscript class=\"wpforms-error-noscript\">Veuillez activer JavaScript dans votre navigateur pour remplir ce formulaire.<\/noscript><div id=\"wpforms-error-noscript\" style=\"display: none;\">Veuillez activer JavaScript dans votre navigateur pour remplir ce formulaire.<\/div><div class=\"wpforms-field-container\"><div id=\"wpforms-82-field_1-container\" class=\"wpforms-field wpforms-field-name\" data-field-id=\"1\"><label class=\"wpforms-field-label\" for=\"wpforms-82-field_1\">Nom Pr\u00e9nom <span class=\"wpforms-required-label\" aria-hidden=\"true\">*<\/span><\/label><input type=\"text\" id=\"wpforms-82-field_1\" class=\"wpforms-field-medium wpforms-field-required\" name=\"wpforms[fields][1]\" aria-errormessage=\"wpforms-82-field_1-error\" required><\/div><div id=\"wpforms-82-field_4-container\" class=\"wpforms-field wpforms-field-text\" data-field-id=\"4\"><label class=\"wpforms-field-label\" for=\"wpforms-82-field_4\">T\u00e9l\u00e9phone<\/label><input type=\"text\" id=\"wpforms-82-field_4\" class=\"wpforms-field-small\" name=\"wpforms[fields][4]\" aria-errormessage=\"wpforms-82-field_4-error\" ><\/div><div id=\"wpforms-82-field_2-container\" class=\"wpforms-field wpforms-field-email\" data-field-id=\"2\"><label class=\"wpforms-field-label\" for=\"wpforms-82-field_2\">Email <span class=\"wpforms-required-label\" aria-hidden=\"true\">*<\/span><\/label><input type=\"email\" id=\"wpforms-82-field_2\" class=\"wpforms-field-medium wpforms-field-required\" name=\"wpforms[fields][2]\" spellcheck=\"false\" aria-errormessage=\"wpforms-82-field_2-error\" required><\/div>\t\t<div id=\"wpforms-82-field_5-container\"\n\t\t\tclass=\"wpforms-field wpforms-field-text\"\n\t\t\tdata-field-type=\"text\"\n\t\t\tdata-field-id=\"5\"\n\t\t\t>\n\t\t\t<label class=\"wpforms-field-label\" for=\"wpforms-82-field_5\" >Message RGPD Pr\u00e9nom<\/label>\n\t\t\t<input type=\"text\" id=\"wpforms-82-field_5\" class=\"wpforms-field-medium\" name=\"wpforms[fields][5]\" >\n\t\t<\/div>\n\t\t<div id=\"wpforms-82-field_3-container\" class=\"wpforms-field wpforms-field-textarea\" data-field-id=\"3\"><label class=\"wpforms-field-label\" for=\"wpforms-82-field_3\">Message<\/label><textarea id=\"wpforms-82-field_3\" class=\"wpforms-field-medium\" name=\"wpforms[fields][3]\" aria-errormessage=\"wpforms-82-field_3-error\" ><\/textarea><\/div><div id=\"wpforms-82-field_6-container\" class=\"wpforms-field wpforms-field-checkbox\" data-field-id=\"6\"><fieldset><legend class=\"wpforms-field-label\">Consentement RGPD <span class=\"wpforms-required-label\" aria-hidden=\"true\">*<\/span><\/legend><ul id=\"wpforms-82-field_6\" class=\"wpforms-field-required\"><li class=\"choice-1 depth-1\"><input type=\"checkbox\" id=\"wpforms-82-field_6_1\" name=\"wpforms[fields][6][]\" value=\"J\u2019accepte que mes donn\u00e9es soient utilis\u00e9es pour me recontacter.\" aria-errormessage=\"wpforms-82-field_6_1-error\" required ><label class=\"wpforms-field-label-inline\" for=\"wpforms-82-field_6_1\">J\u2019accepte que mes donn\u00e9es soient utilis\u00e9es pour me recontacter.<\/label><\/li><\/ul><\/fieldset><\/div><script>\n\t\t\t\t( function() {\n\t\t\t\t\tconst style = document.createElement( 'style' );\n\t\t\t\t\tstyle.appendChild( document.createTextNode( '#wpforms-82-field_5-container { position: absolute !important; overflow: hidden !important; display: inline !important; height: 1px !important; width: 1px !important; z-index: -1000 !important; padding: 0 !important; } #wpforms-82-field_5-container input { visibility: hidden; } #wpforms-conversational-form-page #wpforms-82-field_5-container label { counter-increment: none; }' ) );\n\t\t\t\t\tdocument.head.appendChild( style );\n\t\t\t\t\tdocument.currentScript?.remove();\n\t\t\t\t} )();\n\t\t\t<\/script><\/div><!-- .wpforms-field-container --><div class=\"wpforms-submit-container\" ><input type=\"hidden\" name=\"wpforms[id]\" value=\"82\"><input type=\"hidden\" name=\"page_title\" value=\"\"><input type=\"hidden\" name=\"page_url\" value=\"https:\/\/ecolesaintvincentloos.fr\/index.php\/wp-json\/wp\/v2\/pages\/22\"><input type=\"hidden\" name=\"url_referer\" value=\"\"><button type=\"submit\" name=\"wpforms[submit]\" id=\"wpforms-submit-82\" class=\"wpforms-submit\" data-alt-text=\"Sending...\" data-submit-text=\"Envoyer\" aria-live=\"assertive\" value=\"wpforms-submit\">Envoyer<\/button><img loading=\"lazy\" decoding=\"async\" src=\"https:\/\/ecolesaintvincentloos.fr\/wp-content\/plugins\/wpforms-lite\/assets\/images\/submit-spin.svg\" class=\"wpforms-submit-spinner\" style=\"display: none;\" width=\"26\" height=\"26\" alt=\"Chargement en cours\"><\/div><\/form><\/div>  <!-- .wpforms-container -->\n\n\n<p class=\"has-medium-font-size\">Les informations recueillies sont utilis\u00e9es uniquement pour r\u00e9pondre \u00e0 votre demande. Elles ne sont pas transmises \u00e0 des tiers. <a href=\"https:\/\/ecolesaintvincentloos.fr\/index.php\/mentions-legales\/\">Mentions l\u00e9gales et donn\u00e9es personnelles<\/a><\/p>\n","protected":false},"excerpt":{"rendered":"<p>Pour toute demande d\u2019inscription, vous pouvez nous joindre Les informations recueillies sont utilis\u00e9es uniquement pour r\u00e9pondre \u00e0 votre demande. Elles ne sont pas transmises \u00e0 des tiers. Mentions l\u00e9gales et donn\u00e9es personnelles<\/p>\n","protected":false},"author":1,"featured_media":0,"parent":0,"menu_order":0,"comment_status":"closed","ping_status":"closed","template":"","meta":{"footnotes":""},"class_list":["post-22","page","type-page","status-publish","hentry"],"yoast_head":"<!-- This site is optimized with the Yoast SEO plugin v27.3 - https:\/\/yoast.com\/product\/yoast-seo-wordpress\/ -->\n<title>Nous contacter - Ecole maternelle et \u00e9l\u00e9mentaire Saint Vincent Loos<\/title>\n<meta name=\"description\" content=\"Inscriptions \u00e0 l\u2019\u00c9cole Saint-Vincent \u00e0 Loos : modalit\u00e9s, d\u00e9marches et informations pour inscrire votre enfant en maternelle ou en primaire.\" \/>\n<meta name=\"robots\" content=\"index, follow, max-snippet:-1, max-image-preview:large, max-video-preview:-1\" \/>\n<link rel=\"canonical\" href=\"https:\/\/ecolesaintvincentloos.fr\/index.php\/nous-contacter\/\" \/>\n<meta property=\"og:locale\" content=\"fr_FR\" \/>\n<meta property=\"og:type\" content=\"article\" \/>\n<meta property=\"og:title\" content=\"Nous contacter - Ecole maternelle et \u00e9l\u00e9mentaire Saint Vincent Loos\" \/>\n<meta property=\"og:description\" content=\"Inscriptions \u00e0 l\u2019\u00c9cole Saint-Vincent \u00e0 Loos : modalit\u00e9s, d\u00e9marches et informations pour inscrire votre enfant en maternelle ou en primaire.\" \/>\n<meta property=\"og:url\" content=\"https:\/\/ecolesaintvincentloos.fr\/index.php\/nous-contacter\/\" \/>\n<meta property=\"og:site_name\" content=\"Ecole maternelle et \u00e9l\u00e9mentaire Saint Vincent Loos\" \/>\n<meta property=\"article:modified_time\" content=\"2025-12-26T15:14:36+00:00\" \/>\n<meta name=\"twitter:card\" content=\"summary_large_image\" \/>\n<meta name=\"twitter:label1\" content=\"Dur\u00e9e de lecture estim\u00e9e\" \/>\n\t<meta name=\"twitter:data1\" content=\"1 minute\" \/>\n<script type=\"application\/ld+json\" class=\"yoast-schema-graph\">{\"@context\":\"https:\\\/\\\/schema.org\",\"@graph\":[{\"@type\":\"WebPage\",\"@id\":\"https:\\\/\\\/ecolesaintvincentloos.fr\\\/index.php\\\/nous-contacter\\\/\",\"url\":\"https:\\\/\\\/ecolesaintvincentloos.fr\\\/index.php\\\/nous-contacter\\\/\",\"name\":\"Nous contacter - Ecole maternelle et \u00e9l\u00e9mentaire Saint Vincent Loos\",\"isPartOf\":{\"@id\":\"https:\\\/\\\/ecolesaintvincentloos.fr\\\/#website\"},\"datePublished\":\"2025-12-15T05:43:30+00:00\",\"dateModified\":\"2025-12-26T15:14:36+00:00\",\"description\":\"Inscriptions \u00e0 l\u2019\u00c9cole Saint-Vincent \u00e0 Loos : modalit\u00e9s, d\u00e9marches et informations pour inscrire votre enfant en maternelle ou en primaire.\",\"breadcrumb\":{\"@id\":\"https:\\\/\\\/ecolesaintvincentloos.fr\\\/index.php\\\/nous-contacter\\\/#breadcrumb\"},\"inLanguage\":\"fr-FR\",\"potentialAction\":[{\"@type\":\"ReadAction\",\"target\":[\"https:\\\/\\\/ecolesaintvincentloos.fr\\\/index.php\\\/nous-contacter\\\/\"]}]},{\"@type\":\"BreadcrumbList\",\"@id\":\"https:\\\/\\\/ecolesaintvincentloos.fr\\\/index.php\\\/nous-contacter\\\/#breadcrumb\",\"itemListElement\":[{\"@type\":\"ListItem\",\"position\":1,\"name\":\"Accueil\",\"item\":\"https:\\\/\\\/ecolesaintvincentloos.fr\\\/\"},{\"@type\":\"ListItem\",\"position\":2,\"name\":\"Nous contacter\"}]},{\"@type\":\"WebSite\",\"@id\":\"https:\\\/\\\/ecolesaintvincentloos.fr\\\/#website\",\"url\":\"https:\\\/\\\/ecolesaintvincentloos.fr\\\/\",\"name\":\"Ecole Saint Vincent Loos\",\"description\":\"A l\u2019\u00e9cole St Vincent, r\u00e9ussir c\u2019est apprendre avec plaisir, s\u2019\u00e9panouir, d\u00e9couvrir, grandir\u2026\u00eatre heureux\",\"publisher\":{\"@id\":\"https:\\\/\\\/ecolesaintvincentloos.fr\\\/#organization\"},\"potentialAction\":[{\"@type\":\"SearchAction\",\"target\":{\"@type\":\"EntryPoint\",\"urlTemplate\":\"https:\\\/\\\/ecolesaintvincentloos.fr\\\/?s={search_term_string}\"},\"query-input\":{\"@type\":\"PropertyValueSpecification\",\"valueRequired\":true,\"valueName\":\"search_term_string\"}}],\"inLanguage\":\"fr-FR\"},{\"@type\":\"Organization\",\"@id\":\"https:\\\/\\\/ecolesaintvincentloos.fr\\\/#organization\",\"name\":\"Ecole Saint Vincent Loos\",\"url\":\"https:\\\/\\\/ecolesaintvincentloos.fr\\\/\",\"logo\":{\"@type\":\"ImageObject\",\"inLanguage\":\"fr-FR\",\"@id\":\"https:\\\/\\\/ecolesaintvincentloos.fr\\\/#\\\/schema\\\/logo\\\/image\\\/\",\"url\":\"https:\\\/\\\/ecolesaintvincentloos.fr\\\/wp-content\\\/uploads\\\/2025\\\/12\\\/Logo_512x512.png\",\"contentUrl\":\"https:\\\/\\\/ecolesaintvincentloos.fr\\\/wp-content\\\/uploads\\\/2025\\\/12\\\/Logo_512x512.png\",\"width\":512,\"height\":512,\"caption\":\"Ecole Saint Vincent Loos\"},\"image\":{\"@id\":\"https:\\\/\\\/ecolesaintvincentloos.fr\\\/#\\\/schema\\\/logo\\\/image\\\/\"}}]}<\/script>\n<!-- \/ Yoast SEO plugin. -->","yoast_head_json":{"title":"Nous contacter - Ecole maternelle et \u00e9l\u00e9mentaire Saint Vincent Loos","description":"Inscriptions \u00e0 l\u2019\u00c9cole Saint-Vincent \u00e0 Loos : modalit\u00e9s, d\u00e9marches et informations pour inscrire votre enfant en maternelle ou en primaire.","robots":{"index":"index","follow":"follow","max-snippet":"max-snippet:-1","max-image-preview":"max-image-preview:large","max-video-preview":"max-video-preview:-1"},"canonical":"https:\/\/ecolesaintvincentloos.fr\/index.php\/nous-contacter\/","og_locale":"fr_FR","og_type":"article","og_title":"Nous contacter - Ecole maternelle et \u00e9l\u00e9mentaire Saint Vincent Loos","og_description":"Inscriptions \u00e0 l\u2019\u00c9cole Saint-Vincent \u00e0 Loos : modalit\u00e9s, d\u00e9marches et informations pour inscrire votre enfant en maternelle ou en primaire.","og_url":"https:\/\/ecolesaintvincentloos.fr\/index.php\/nous-contacter\/","og_site_name":"Ecole maternelle et \u00e9l\u00e9mentaire Saint Vincent Loos","article_modified_time":"2025-12-26T15:14:36+00:00","twitter_card":"summary_large_image","twitter_misc":{"Dur\u00e9e de lecture estim\u00e9e":"1 minute"},"schema":{"@context":"https:\/\/schema.org","@graph":[{"@type":"WebPage","@id":"https:\/\/ecolesaintvincentloos.fr\/index.php\/nous-contacter\/","url":"https:\/\/ecolesaintvincentloos.fr\/index.php\/nous-contacter\/","name":"Nous contacter - Ecole maternelle et \u00e9l\u00e9mentaire Saint Vincent Loos","isPartOf":{"@id":"https:\/\/ecolesaintvincentloos.fr\/#website"},"datePublished":"2025-12-15T05:43:30+00:00","dateModified":"2025-12-26T15:14:36+00:00","description":"Inscriptions \u00e0 l\u2019\u00c9cole Saint-Vincent \u00e0 Loos : modalit\u00e9s, d\u00e9marches et informations pour inscrire votre enfant en maternelle ou en primaire.","breadcrumb":{"@id":"https:\/\/ecolesaintvincentloos.fr\/index.php\/nous-contacter\/#breadcrumb"},"inLanguage":"fr-FR","potentialAction":[{"@type":"ReadAction","target":["https:\/\/ecolesaintvincentloos.fr\/index.php\/nous-contacter\/"]}]},{"@type":"BreadcrumbList","@id":"https:\/\/ecolesaintvincentloos.fr\/index.php\/nous-contacter\/#breadcrumb","itemListElement":[{"@type":"ListItem","position":1,"name":"Accueil","item":"https:\/\/ecolesaintvincentloos.fr\/"},{"@type":"ListItem","position":2,"name":"Nous contacter"}]},{"@type":"WebSite","@id":"https:\/\/ecolesaintvincentloos.fr\/#website","url":"https:\/\/ecolesaintvincentloos.fr\/","name":"Ecole Saint Vincent Loos","description":"A l\u2019\u00e9cole St Vincent, r\u00e9ussir c\u2019est apprendre avec plaisir, s\u2019\u00e9panouir, d\u00e9couvrir, grandir\u2026\u00eatre heureux","publisher":{"@id":"https:\/\/ecolesaintvincentloos.fr\/#organization"},"potentialAction":[{"@type":"SearchAction","target":{"@type":"EntryPoint","urlTemplate":"https:\/\/ecolesaintvincentloos.fr\/?s={search_term_string}"},"query-input":{"@type":"PropertyValueSpecification","valueRequired":true,"valueName":"search_term_string"}}],"inLanguage":"fr-FR"},{"@type":"Organization","@id":"https:\/\/ecolesaintvincentloos.fr\/#organization","name":"Ecole Saint Vincent Loos","url":"https:\/\/ecolesaintvincentloos.fr\/","logo":{"@type":"ImageObject","inLanguage":"fr-FR","@id":"https:\/\/ecolesaintvincentloos.fr\/#\/schema\/logo\/image\/","url":"https:\/\/ecolesaintvincentloos.fr\/wp-content\/uploads\/2025\/12\/Logo_512x512.png","contentUrl":"https:\/\/ecolesaintvincentloos.fr\/wp-content\/uploads\/2025\/12\/Logo_512x512.png","width":512,"height":512,"caption":"Ecole Saint Vincent Loos"},"image":{"@id":"https:\/\/ecolesaintvincentloos.fr\/#\/schema\/logo\/image\/"}}]}},"_links":{"self":[{"href":"https:\/\/ecolesaintvincentloos.fr\/index.php\/wp-json\/wp\/v2\/pages\/22","targetHints":{"allow":["GET"]}}],"collection":[{"href":"https:\/\/ecolesaintvincentloos.fr\/index.php\/wp-json\/wp\/v2\/pages"}],"about":[{"href":"https:\/\/ecolesaintvincentloos.fr\/index.php\/wp-json\/wp\/v2\/types\/page"}],"author":[{"embeddable":true,"href":"https:\/\/ecolesaintvincentloos.fr\/index.php\/wp-json\/wp\/v2\/users\/1"}],"replies":[{"embeddable":true,"href":"https:\/\/ecolesaintvincentloos.fr\/index.php\/wp-json\/wp\/v2\/comments?post=22"}],"version-history":[{"count":6,"href":"https:\/\/ecolesaintvincentloos.fr\/index.php\/wp-json\/wp\/v2\/pages\/22\/revisions"}],"predecessor-version":[{"id":161,"href":"https:\/\/ecolesaintvincentloos.fr\/index.php\/wp-json\/wp\/v2\/pages\/22\/revisions\/161"}],"wp:attachment":[{"href":"https:\/\/ecolesaintvincentloos.fr\/index.php\/wp-json\/wp\/v2\/media?parent=22"}],"curies":[{"name":"wp","href":"https:\/\/api.w.org\/{rel}","templated":true}]}}